{"id":336,"date":"2016-10-12T10:27:05","date_gmt":"2016-10-12T08:27:05","guid":{"rendered":"http:\/\/kimovar.ut.ee\/?page_id=336"},"modified":"2017-12-01T18:50:49","modified_gmt":"2017-12-01T16:50:49","slug":"meedia","status":"publish","type":"page","link":"https:\/\/kimovar.ut.ee\/?page_id=336","title":{"rendered":"Meedia"},"content":{"rendered":"<p>J\u00fcrine, Anni 2016. S\u00f5nast kasvab grammatika. ERR Novaator, 6.05.2016. <a href=\"http:\/\/novaator.err.ee\/v\/yhiskond\/ac024047-ca5f-4f98-9dcc-ae8c30c1139a\/anni-jurine-sonast-kasvab-grammatika\">http:\/\/novaator.err.ee\/v\/yhiskond\/ac024047-ca5f-4f98-9dcc-ae8c30c1139a\/anni-jurine-sonast-kasvab-grammatika<\/a><\/p>\n<p>P\u00e4rismaa, Liina 2017. Selles, kuidas me k\u00f5neleme ja kirjutame, v\u00f5ib \u201cs\u00fc\u00fcd heita\u201d eesti keele vaarisale h\u00e4rra Blumele. ERR Novaator, 19.01.2017.\u00a0<a href=\"http:\/\/novaator.err.ee\/260145\/selles-kuidas-me-koneleme-ja-kirjutame-voib-suud-heita-eesti-keele-vaarisale-harra-blumele\">http:\/\/novaator.err.ee\/260145\/selles-kuidas-me-koneleme-ja-kirjutame-voib-suud-heita-eesti-keele-vaarisale-harra-blumele<\/a><\/p>\n","protected":false},"excerpt":{"rendered":"<p>J\u00fcrine, Anni 2016. S\u00f5nast kasvab grammatika. ERR Novaator, 6.05.2016. http:\/\/novaator.err.ee\/v\/yhiskond\/ac024047-ca5f-4f98-9dcc-ae8c30c1139a\/anni-jurine-sonast-kasvab-grammatika P\u00e4rismaa, Liina 2017. Selles, kuidas me k\u00f5neleme ja kirjutame, v\u00f5ib \u201cs\u00fc\u00fcd heita\u201d eesti keele vaarisale h\u00e4rra Blumele. ERR Novaator, 19.01.2017.\u00a0http:\/\/novaator.err.ee\/260145\/selles-kuidas-me-koneleme-ja-kirjutame-voib-suud-heita-eesti-keele-vaarisale-harra-blumele<\/p>\n","protected":false},"author":2,"featured_media":0,"parent":12,"menu_order":0,"comment_status":"closed","ping_status":"closed","template":"","meta":{"footnotes":""},"class_list":["post-336","page","type-page","status-publish","hentry"],"_links":{"self":[{"href":"https:\/\/kimovar.ut.ee\/index.php?rest_route=\/wp\/v2\/pages\/336","targetHints":{"allow":["GET"]}}],"collection":[{"href":"https:\/\/kimovar.ut.ee\/index.php?rest_route=\/wp\/v2\/pages"}],"about":[{"href":"https:\/\/kimovar.ut.ee\/index.php?rest_route=\/wp\/v2\/types\/page"}],"author":[{"embeddable":true,"href":"https:\/\/kimovar.ut.ee\/index.php?rest_route=\/wp\/v2\/users\/2"}],"replies":[{"embeddable":true,"href":"https:\/\/kimovar.ut.ee\/index.php?rest_route=%2Fwp%2Fv2%2Fcomments&post=336"}],"version-history":[{"count":4,"href":"https:\/\/kimovar.ut.ee\/index.php?rest_route=\/wp\/v2\/pages\/336\/revisions"}],"predecessor-version":[{"id":426,"href":"https:\/\/kimovar.ut.ee\/index.php?rest_route=\/wp\/v2\/pages\/336\/revisions\/426"}],"up":[{"embeddable":true,"href":"https:\/\/kimovar.ut.ee\/index.php?rest_route=\/wp\/v2\/pages\/12"}],"wp:attachment":[{"href":"https:\/\/kimovar.ut.ee\/index.php?rest_route=%2Fwp%2Fv2%2Fmedia&parent=336"}],"curies":[{"name":"wp","href":"https:\/\/api.w.org\/{rel}","templated":true}]}}