{"id":24,"date":"2015-02-19T16:50:57","date_gmt":"2015-02-19T14:50:57","guid":{"rendered":"http:\/\/kimovar.ut.ee\/?page_id=24"},"modified":"2017-01-17T10:36:49","modified_gmt":"2017-01-17T08:36:49","slug":"kontakt","status":"publish","type":"page","link":"https:\/\/kimovar.ut.ee\/?page_id=24","title":{"rendered":"Kontakt"},"content":{"rendered":"<p><strong>Helle Metslang<\/strong><br \/>\neesti ja \u00fcldkeeleteaduse instituut<br \/>\nTartu \u00dclikool<br \/>\nJakobi 2 \u2013 424<br \/>\n51014 Tartu<br \/>\n737 5213<br \/>\nhelle.metslang@ut.ee<\/p>\n<p><strong>Tiit Hennoste<\/strong><br \/>\neesti ja \u00fcldkeeleteaduse instituut<br \/>\nTartu \u00dclikool<br \/>\nJakobi 2 \u2013 407<br \/>\n51014 Tartu<br \/>\n737 6163<br \/>\ntiit.hennoste@ut.ee<\/p>\n<p><strong>K\u00fclli Habicht<\/strong><br \/>\neesti ja \u00fcldkeeleteaduse instituut<br \/>\nTartu \u00dclikool<br \/>\nJakobi 2 \u2013 444<br \/>\n51014 Tartu<br \/>\n737 6542<br \/>\nkylli.habicht@ut.ee<\/p>\n<p><strong>Anni J\u00fcrine<\/strong><br \/>\neesti ja \u00fcldkeeleteaduse instituut<br \/>\nTartu \u00dclikool<br \/>\nJakobi 2<br \/>\n51014 Tartu<br \/>\nanni.jyrine@ut.ee<\/p>\n<p><strong>Annika K\u00fcngas<\/strong><br \/>\neesti ja \u00fcldkeeleteaduse instituut<br \/>\nTartu \u00dclikool<br \/>\nJakobi 2<br \/>\n51014 Tartu<br \/>\nannika.kungas@ut.ee<\/p>\n<p><strong>Kirsi Laanesoo<\/strong><br \/>\neesti ja \u00fcldkeeleteaduse instituut<br \/>\nTartu \u00dclikool<br \/>\nJakobi 2<br \/>\n51014 Tartu<br \/>\nkirsi.laanesoo@ut.ee<\/p>\n<p><strong>David Ogren<\/strong><br \/>\neesti ja \u00fcldkeeleteaduse instituut<br \/>\nTartu \u00dclikool<br \/>\nJakobi 2<br \/>\n51014 Tartu<br \/>\ndavid.ogren@ut.ee<\/p>\n<p><strong>Liina P\u00e4rismaa<br \/>\n<\/strong>eesti ja \u00fcldkeeleteaduse instituut<br \/>\nTartu \u00dclikool<br \/>\nJakobi 2<br \/>\n51014 Tartu<br \/>\nliina.parismaa@ut.ee<\/p>\n<p><strong>Olle Sokk<\/strong><br \/>\neesti ja \u00fcldkeeleteaduse instituut<br \/>\nTartu \u00dclikool<br \/>\nJakobi 2<br \/>\n51014 Tartu<br \/>\nolles@ut.ee<\/p>\n","protected":false},"excerpt":{"rendered":"<p>Helle Metslang eesti ja \u00fcldkeeleteaduse instituut Tartu \u00dclikool Jakobi 2 \u2013 424 51014 Tartu 737 5213 helle.metslang@ut.ee Tiit Hennoste eesti ja \u00fcldkeeleteaduse instituut Tartu \u00dclikool Jakobi 2 \u2013 407 51014 Tartu 737 6163 tiit.hennoste@ut.ee K\u00fclli Habicht eesti ja \u00fcldkeeleteaduse instituut Tartu \u00dclikool Jakobi 2 \u2013 444 51014 Tartu 737 6542 kylli.habicht@ut.ee Anni J\u00fcrine eesti ja &hellip; <a href=\"https:\/\/kimovar.ut.ee\/?page_id=24\" class=\"more-link\">Continue reading <span class=\"screen-reader-text\">Kontakt<\/span> <span class=\"meta-nav\">&rarr;<\/span><\/a><\/p>\n","protected":false},"author":1,"featured_media":0,"parent":0,"menu_order":6,"comment_status":"closed","ping_status":"closed","template":"","meta":{"footnotes":""},"class_list":["post-24","page","type-page","status-publish","hentry"],"_links":{"self":[{"href":"https:\/\/kimovar.ut.ee\/index.php?rest_route=\/wp\/v2\/pages\/24","targetHints":{"allow":["GET"]}}],"collection":[{"href":"https:\/\/kimovar.ut.ee\/index.php?rest_route=\/wp\/v2\/pages"}],"about":[{"href":"https:\/\/kimovar.ut.ee\/index.php?rest_route=\/wp\/v2\/types\/page"}],"author":[{"embeddable":true,"href":"https:\/\/kimovar.ut.ee\/index.php?rest_route=\/wp\/v2\/users\/1"}],"replies":[{"embeddable":true,"href":"https:\/\/kimovar.ut.ee\/index.php?rest_route=%2Fwp%2Fv2%2Fcomments&post=24"}],"version-history":[{"count":6,"href":"https:\/\/kimovar.ut.ee\/index.php?rest_route=\/wp\/v2\/pages\/24\/revisions"}],"predecessor-version":[{"id":368,"href":"https:\/\/kimovar.ut.ee\/index.php?rest_route=\/wp\/v2\/pages\/24\/revisions\/368"}],"wp:attachment":[{"href":"https:\/\/kimovar.ut.ee\/index.php?rest_route=%2Fwp%2Fv2%2Fmedia&parent=24"}],"curies":[{"name":"wp","href":"https:\/\/api.w.org\/{rel}","templated":true}]}}