{"id":189,"date":"2015-10-01T11:04:02","date_gmt":"2015-10-01T09:04:02","guid":{"rendered":"http:\/\/kimovar.ut.ee\/?page_id=189"},"modified":"2019-01-30T15:42:27","modified_gmt":"2019-01-30T13:42:27","slug":"sundmused","status":"publish","type":"page","link":"https:\/\/kimovar.ut.ee\/?page_id=189","title":{"rendered":"S\u00fcndmused"},"content":{"rendered":"<p><strong>Projektiga seotud m\u00f6\u00f6dunud s\u00fcndmused<\/strong><\/p>\n<p>&#8211; 10. muutuva keele p\u00e4ev Tartu \u00fclikooli Eesti ja \u00fcldkeeleteaduse instituudis 7. novembril 2014.<\/p>\n<p>&#8211;\u00a0\u00dchisseminar \u201eVarieerumise variatsioone\u201c. Projektide \u201eEesti murrete s\u00fcntaks\u201c (PUT90) ja \u201eKirjakeele morfos\u00fcntaksi varieerumise integreeritud mudel: pilootuuring eesti keele n\u00e4itel\u201c (PUT475) t\u00f6\u00f6r\u00fchmade \u00fchisseminar keele varieerumisest 18. juunil 2015.<\/p>\n<p>&#8211; 11. muutuva keele p\u00e4ev Tallinna \u00fclikooli humanitaarteaduste instituudis 6. novembril 2015.<\/p>\n<p>&#8211;\u00a0Anni J\u00fcrise doktorit\u00f6\u00f6\u00a0&#8220;The Development of Complex Postpositions in Estonian: A Case of Grammaticalization via Lexicalization&#8221; kaitsmine 16. veebruaril 2016.<\/p>\n<p>&#8211; 12.\u00a0muutuva keele p\u00e4ev Tartu \u00fclikooli eesti ja \u00fcldkeeleteaduse instituudis 4. novembril 2016.<\/p>\n<p>&#8211;\u00a013. muutuva keele p\u00e4ev Tallinna \u00fclikooli humanitaarteaduste instituudis 17. novembril 2017.<\/p>\n<p>&#8211;\u00a0Eesti-uuringute tippkeskuse aastakonverents ja 61. Kreutzwaldi p\u00e4evade konverents 7.\u22128. detsembril 2017.<\/p>\n<p>&#8211;\u00a0David Ogreni doktorit\u00f6\u00f6 \u201eObject case variation in Estonian da-infinitive constructions&#8221; kaitsmine\u00a0 9. m\u00e4rtsil 2018<\/p>\n<p>&#8211;\u00a014. muutuva keele p\u00e4ev Tartu \u00fclikooli eesti ja \u00fcldkeeleteaduse instituudis 16. novembril 2018.<\/p>\n<p>&#8211; Kirsi Laanesoo doktorit\u00f6\u00f6 &#8220;Pol\u00fcfunktsionaalsed k\u00fcsilaused eesti argivestluses&#8221; kaitsmine 19. detsembril 2018.<\/p>\n","protected":false},"excerpt":{"rendered":"<p>Projektiga seotud m\u00f6\u00f6dunud s\u00fcndmused &#8211; 10. muutuva keele p\u00e4ev Tartu \u00fclikooli Eesti ja \u00fcldkeeleteaduse instituudis 7. novembril 2014. &#8211;\u00a0\u00dchisseminar \u201eVarieerumise variatsioone\u201c. Projektide \u201eEesti murrete s\u00fcntaks\u201c (PUT90) ja \u201eKirjakeele morfos\u00fcntaksi varieerumise integreeritud mudel: pilootuuring eesti keele n\u00e4itel\u201c (PUT475) t\u00f6\u00f6r\u00fchmade \u00fchisseminar keele varieerumisest 18. juunil 2015. &#8211; 11. muutuva keele p\u00e4ev Tallinna \u00fclikooli humanitaarteaduste instituudis 6. novembril &hellip; <a href=\"https:\/\/kimovar.ut.ee\/?page_id=189\" class=\"more-link\">Continue reading <span class=\"screen-reader-text\">S\u00fcndmused<\/span> <span class=\"meta-nav\">&rarr;<\/span><\/a><\/p>\n","protected":false},"author":2,"featured_media":0,"parent":85,"menu_order":0,"comment_status":"closed","ping_status":"closed","template":"","meta":{"footnotes":""},"class_list":["post-189","page","type-page","status-publish","hentry"],"_links":{"self":[{"href":"https:\/\/kimovar.ut.ee\/index.php?rest_route=\/wp\/v2\/pages\/189","targetHints":{"allow":["GET"]}}],"collection":[{"href":"https:\/\/kimovar.ut.ee\/index.php?rest_route=\/wp\/v2\/pages"}],"about":[{"href":"https:\/\/kimovar.ut.ee\/index.php?rest_route=\/wp\/v2\/types\/page"}],"author":[{"embeddable":true,"href":"https:\/\/kimovar.ut.ee\/index.php?rest_route=\/wp\/v2\/users\/2"}],"replies":[{"embeddable":true,"href":"https:\/\/kimovar.ut.ee\/index.php?rest_route=%2Fwp%2Fv2%2Fcomments&post=189"}],"version-history":[{"count":6,"href":"https:\/\/kimovar.ut.ee\/index.php?rest_route=\/wp\/v2\/pages\/189\/revisions"}],"predecessor-version":[{"id":444,"href":"https:\/\/kimovar.ut.ee\/index.php?rest_route=\/wp\/v2\/pages\/189\/revisions\/444"}],"up":[{"embeddable":true,"href":"https:\/\/kimovar.ut.ee\/index.php?rest_route=\/wp\/v2\/pages\/85"}],"wp:attachment":[{"href":"https:\/\/kimovar.ut.ee\/index.php?rest_route=%2Fwp%2Fv2%2Fmedia&parent=189"}],"curies":[{"name":"wp","href":"https:\/\/api.w.org\/{rel}","templated":true}]}}