{"id":14,"date":"2015-02-19T11:21:13","date_gmt":"2015-02-19T09:21:13","guid":{"rendered":"http:\/\/kimovar.ut.ee\/?page_id=14"},"modified":"2015-08-26T14:31:56","modified_gmt":"2015-08-26T12:31:56","slug":"bibliograafia","status":"publish","type":"page","link":"https:\/\/kimovar.ut.ee\/?page_id=14","title":{"rendered":"Bibliograafia"},"content":{"rendered":"<p><a href=\"http:\/\/kimovar.ut.ee\/wp-content\/uploads\/2015\/02\/keele_varieerumise_bibliograafia.xlsx\">keele_varieerumise_bibliograafia<\/a><\/p>\n<p><a href=\"http:\/\/kimovar.ut.ee\/wp-content\/uploads\/2015\/02\/\u00dcLI\u00d5PILAST\u00d6\u00d6D_bibliograafia1.xlsx\">\u00dcLI\u00d5PILAST\u00d6\u00d6D_bibliograafia<\/a><\/p>\n","protected":false},"excerpt":{"rendered":"<p>keele_varieerumise_bibliograafia \u00dcLI\u00d5PILAST\u00d6\u00d6D_bibliograafia<\/p>\n","protected":false},"author":2,"featured_media":0,"parent":0,"menu_order":4,"comment_status":"closed","ping_status":"closed","template":"","meta":{"footnotes":""},"class_list":["post-14","page","type-page","status-publish","hentry"],"_links":{"self":[{"href":"https:\/\/kimovar.ut.ee\/index.php?rest_route=\/wp\/v2\/pages\/14","targetHints":{"allow":["GET"]}}],"collection":[{"href":"https:\/\/kimovar.ut.ee\/index.php?rest_route=\/wp\/v2\/pages"}],"about":[{"href":"https:\/\/kimovar.ut.ee\/index.php?rest_route=\/wp\/v2\/types\/page"}],"author":[{"embeddable":true,"href":"https:\/\/kimovar.ut.ee\/index.php?rest_route=\/wp\/v2\/users\/2"}],"replies":[{"embeddable":true,"href":"https:\/\/kimovar.ut.ee\/index.php?rest_route=%2Fwp%2Fv2%2Fcomments&post=14"}],"version-history":[{"count":6,"href":"https:\/\/kimovar.ut.ee\/index.php?rest_route=\/wp\/v2\/pages\/14\/revisions"}],"predecessor-version":[{"id":206,"href":"https:\/\/kimovar.ut.ee\/index.php?rest_route=\/wp\/v2\/pages\/14\/revisions\/206"}],"wp:attachment":[{"href":"https:\/\/kimovar.ut.ee\/index.php?rest_route=%2Fwp%2Fv2%2Fmedia&parent=14"}],"curies":[{"name":"wp","href":"https:\/\/api.w.org\/{rel}","templated":true}]}}