{"id":324,"date":"2016-10-12T09:48:23","date_gmt":"2016-10-12T07:48:23","guid":{"rendered":"http:\/\/kimovar.ut.ee\/?page_id=324"},"modified":"2019-01-28T14:51:03","modified_gmt":"2019-01-28T12:51:03","slug":"publikatsioonid","status":"publish","type":"page","link":"http:\/\/kimovar.ut.ee\/?page_id=324","title":{"rendered":"Publikatsioonid"},"content":{"rendered":"<p><strong>2014. aasta<\/strong><\/p>\n<p>K\u00fcngas, Annika 2014. Pragmaatiliste markerite kujunemine ja funktsioonid eesti keeles lt-s\u00f5nade n\u00e4itel. Doktorit\u00f6\u00f6, Tartu \u00dclikool, Tartu: Tartu \u00dclikooli Kirjastus.\u00a0<a href=\"http:\/\/dspace.ut.ee\/bitstream\/handle\/10062\/42733\/kungas_annika.pdf?sequence=1\">http:\/\/dspace.ut.ee\/bitstream\/handle\/10062\/42733\/kungas_annika.pdf?sequence=1<\/a><\/p>\n<p>Laanesoo, Kirsi 2014. Direktiivsed mis- ja mida-k\u00fcsilaused suulises suhtluses. \u2013 Emakeele Seltsi aastaraamat, 59, 10\u2013126.\u00a0<a href=\"http:\/\/www.kirj.ee\/public\/ESA\/2013\/esa_59_2013-103-126.pdf\" target=\"_blank\">http:\/\/www.kirj.ee\/public\/ESA\/2013\/esa_59_2013-103-126.pdf<\/a><\/p>\n<p>Metslang, Helle 2014 (toim.). Eesti keel omas ruumis. Ajakirja Keel ja Kirjandus temaatiline kaksiknumber. Keel ja Kirjandus LVII, 8, 9, 2014.\u00a0<a href=\"http:\/\/kjk.eki.ee\/ee\/issues\/2014\/8-9\" target=\"_blank\">http:\/\/kjk.eki.ee\/ee\/issues\/2014\/8-9<\/a><\/p>\n<p>Metslang, Helle, Karl Pajusalu, K\u00fclli Habicht 2014. Koordinatiivsed partiklid lause perifeerias. \u2013 Emakeele Seltsi aastaraamat, 59, 139\u2013161.\u00a0<a href=\"http:\/\/kirj.ee\/public\/ESA\/2013\/esa_59_2013-139-161.pdf\" target=\"_blank\">http:\/\/kirj.ee\/public\/ESA\/2013\/esa_59_2013-139-161.pdf<\/a><\/p>\n<p>Ogren, David 2014. Objekti k\u00e4\u00e4ne hinnangukonstruktsioonis: kas on v\u00f5imalik osta auto v\u00f5i autot? \u2013 Emakeele Seltsi aastaraamat, 59, 171\u2013192. <a href=\"http:\/\/www.kirj.ee\/public\/ESA\/2013\/esa_59_2013-171-192.pdf\" target=\"_blank\">http:\/\/www.kirj.ee\/public\/ESA\/2013\/esa_59_2013-171-192.pdf<\/a><\/p>\n<p><strong>2015. aasta<\/strong><\/p>\n<p>Metslang, Helle, Karl Pajusalu, K\u00fclli Habicht 2015. Conjunctive markers of polar questions in Estonian. \u2013 New Trends in Nordic and General Linguistics, Linguae and Litterae Series 42. Martin Hilpert (toim.). Berlin: DeGruyter Mouton, 283\u2013306.<\/p>\n<p>Ogren, David 2015. Differential Object Marking in Estonian: Prototypes, Variation, and Construction-specificity. \u2013 SKY Journal of Linguistics, 28, 277-312. <a href=\"http:\/\/www.linguistics.fi\/julkaisut\/SKY2015\/SKYJoL28_Ogren.pdf\">http:\/\/www.linguistics.fi\/julkaisut\/SKY2015\/SKYJoL28_Ogren.pdf<\/a><\/p>\n<p>Ogren, David 2015. S\u00f5naj\u00e4rg, infostruktuur ja objekti k\u00e4\u00e4ne eesti keeles. \u00a0\u2013 Eesti ja Soome-Ugri Keeleteaduse Ajakiri 6 (3), 197-213. \u00a0<a href=\"http:\/\/jeful.ut.ee\/index.php\/JEFUL\/article\/download\/jeful.2015.6.3.08\/108\">http:\/\/jeful.ut.ee\/index.php\/JEFUL\/article\/download\/jeful.2015.6.3.08\/108<\/a><\/p>\n<p><strong>2016. aasta<\/strong><\/p>\n<p>Hennoste, Tiit, Helle Metslang, K\u00fclli Habicht, Anni J\u00fcrine, Kirsi Laanesoo, David Ogren 2016. \u00dcldk\u00fcsimuse vorm ja funktsioonid l\u00e4bi nelja sajandi ja kuue tekstiliigi. \u2013 Emakeele Seltsi aastaraamat, 61, 80\u2013109.\u00a0\u00a0<a href=\"http:\/\/kirj.ee\/public\/ESA\/2015\/esa_61_2015_80_109.pdf\">http:\/\/kirj.ee\/public\/ESA\/2015\/esa_61_2015_80_109.pdf<\/a><\/p>\n<p>J\u00fcrine, Anni 2016.\u00a0The Development of Complex Postpositions in Estonian: A Case of Grammaticalization via Lexicalization. Doktorit\u00f6\u00f6, Tartu \u00fclikool, Tartu: Tartu \u00dclikooli kirjastus.\u00a0<a href=\"http:\/\/dspace.ut.ee\/bitstream\/handle\/10062\/50200\/jyrine_anni.pdf?sequence=1&amp;isAllowed=y\">http:\/\/dspace.ut.ee\/bitstream\/handle\/10062\/50200\/jyrine_anni.pdf?sequence=1&amp;isAllowed=y<\/a><\/p>\n<p>Laanesoo, Kirsi 2016. Targeting question\u2019s inappositeness: The Estonian\u00a0kus \u2018where\u2019-interrogative in the second position.\u00a0\u2013 Discourse Studies, 18(4), 393-408.<\/p>\n<p>Metslang, Helle 2016. Can a language be forced? The case of Estonian. In: Dani\u00ebl Van Olmen, Hubert Cuyckens, Lobke Ghesqui\u00e8re (Ed.). Aspects of Grammaticalization (Inter)Subjectification and Directionality (281\u2212309). Berlin: De Gruyter. (Trends in Linguistics. Studies and Monographs; 305).<\/p>\n<p><strong>2017. aasta<\/strong><\/p>\n<p>Hennoste, Tiit, Andriela R\u00e4\u00e4bis, Kirsi Laanesoo 2017. Polar questions, social actions and epistemic stance. An exercise in pragmatic typology.\u00a0\u2013 Language Typology and Universals, 70 (3), 139\u2212161.\u00a0<a href=\"https:\/\/doi.org\/10.1515\/stuf-2017-0023\">10.1515\/stuf-2017-0023<\/a><\/p>\n<p>J\u00fcrine, Anni, K\u00fclli Habicht 2017. Grammaticalization of complex items: Estonian nii et &#8216;so that&#8217;. \u2013 Eesti ja soome-ugri keeleteaduse ajakiri \/ Journal of Estonian and Finno-Ugric Linguistics, 8 (2), 35-58.\u00a0<a id=\"yui_3_16_0_ym19_1_1511780830201_8875\" href=\"http:\/\/jeful.ut.ee\/index.php\/JEFUL\/article\/view\/jeful.2017.8.2.02\" target=\"_blank\" rel=\"nofollow\">http:\/\/jeful.ut.ee\/index.php\/JEFUL\/article\/view\/jeful.2017.8.2.02<\/a><\/p>\n<p>Keevallik, Leelo, K\u00fclli Habicht 2017. Grammaticalization, (inter)subjectification, and sequencing of actions: the Estonian epistemic (question) particle <em>ega<\/em>.\u00a0\u00a0\u2013 Linguistica Uralica, 53 (2), 81\u2212104. <a href=\"http:\/\/kimovar.ut.ee\/wp-content\/uploads\/2016\/10\/ling-2017-2-81-105.pdf\">ling-2017-2-81-105<\/a><\/p>\n<p>Laanesoo, Kirsi 2017. A miks sa torusse ei r\u00e4\u00e4gi? Miks-k\u00fcsilausetega tehtavad suhtlustegevused argitelefonivestlustes. \u00a0\u2013 Eesti Rakenduslingvistika \u00dchingu aastaraamat, 13, 89\u2212105.\u00a0<a href=\"http:\/\/dx.doi.org\/10.5128\/ERYa13.06\">10.5128\/ERYa13.06<\/a><\/p>\n<p>Laanesoo, Kirsi, Leelo Keevallik 2017. Noticing breaches with nonpolar interrogatives: Estonian <em>kes<\/em> (\u201cwho\u201d) ascribing responsibility for problematic conduct.\u00a0\u2013 Research on Language and Social Interaction, 50 (3), 286\u2212306.\u00a0<a href=\"http:\/\/dx.doi.org\/10.1080\/08351813.2017.1340721\">10.1080\/08351813.2017.1340721<\/a><\/p>\n<p>Metslang, Helle, K\u00fclli Habicht, Tiit Hennoste, Anni J\u00fcrine, Kirsi Laanesoo, David Ogren 2017. Komitatiivi funktsioonidest eri aegade ja registrite eesti kirjakeeles.\u00a0\u2013 Eesti ja soome-ugri keeleteaduse ajakiri \/ Journal of Estonian and Finno-Ugric Linguistics, 8 (1), 149-178.\u00a0<a id=\"yui_3_16_0_ym19_1_1511780830201_8875\" href=\"http:\/\/jeful.ut.ee\/index.php\/JEFUL\/article\/view\/jeful.2017.8.1.09\/146\" target=\"_blank\" rel=\"nofollow\">http:\/\/jeful.ut.ee\/index.php\/JEFUL\/article\/view\/jeful.2017.8.1.09\/146<\/a><\/p>\n<p>Metslang, Helle, Liina Lindstr\u00f6m 2017. Essive in Estonian. In: Casper de Groot (Ed.). Uralic Essive and the Expression of Impermanent State (57\u221290). John Benjamins. (Typological Studies in Language; 119).\u00a0<a id=\"yui_3_16_0_ym19_1_1511946081637_5235\" href=\"https:\/\/benjamins.com\/#catalog\/books\/tsl.119.03met\/details\" target=\"_blank\" rel=\"nofollow\">https:\/\/benjamins.com\/#catalog\/books\/tsl.119.03met\/details<\/a>.<\/p>\n<p>Metslang, Helle,\u00a0K\u00fclli Habicht, Karl Pajusalu\u00a02017. Where do polar question markers come from?\u00a0\u2013 Language Typology and Universals, 70 (3), 489\u2212521.\u00a0<a id=\"yui_3_16_0_ym19_1_1511946081637_5235\" href=\"https:\/\/doi.org\/10.1515\/stuf-2017-0022\" target=\"_blank\" rel=\"nofollow\">10.1515\/stuf-2017-0022<\/a>.<\/p>\n<p>Ogren, David 2017. Finiitverbi m\u00f5ju objekti k\u00e4\u00e4ndele da-infinitiiviga objektikonstruktsioonis. \u00a0\u2013 Keel ja Kirjandus, 4, 258-271.\u00a0<a id=\"yui_3_16_0_ym19_1_1511780830201_8875\" href=\"http:\/\/kjk.eki.ee\/download_pdf\/911\" target=\"_blank\" rel=\"nofollow\">http:\/\/kjk.eki.ee\/download_pdf\/911<\/a><\/p>\n<p>Ogren, David 2017. Aspect and irregular object case variation in Estonian da-infinitive constructions.\u00a0\u2013 Finno-Ugric Languages and Linguistics 7 (2) [to appear].<\/p>\n<p>Sokk, Olle 2017. M\u00f6\u00f6ndus: millal <em>kuid\u00a0<\/em>ja millal\u00a0<em>kuigi<\/em>?\u00a0\u00a0\u2013 Keel ja Kirjandus, 3, 183-196.\u00a0<a id=\"yui_3_16_0_ym19_1_1511780830201_8875\" href=\"http:\/\/kjk.eki.ee\/download_pdf\/900\" target=\"_blank\" rel=\"nofollow\">http:\/\/kjk.eki.ee\/download_pdf\/900<\/a><\/p>\n<p>Tragel, Ilona, K\u00fclli Habicht 2017. Saama-verb grammatilistes konstruktsioonides. Keel ja Kirjandus, 1, 22\u221240. <a id=\"yui_3_16_0_ym19_1_1511780830201_8875\" href=\"http:\/\/kjk.eki.ee\/download_pdf\/879\" target=\"_blank\" rel=\"nofollow\">http:\/\/kjk.eki.ee\/download_pdf\/879<\/a><\/p>\n<p><strong>2018. aasta<\/strong><\/p>\n<p>Habicht, K\u00fclli, Tiit Hennoste, Anni J\u00fcrine, Helle Metslang, David Ogren, Liina P\u00e4rismaa,<br \/>\nOlle Sokk 2018. Language change mirroring social change: constructions with saama \u2018get\u2019 and nonfinite verb forms in different periods and registers of written Estonian.\u00a0\u2013 Linguistica Uralica, 54 (3), 169\u2212190.<\/p>\n<p>Habicht, K\u00fclli, Helen Plado 2018. Eesti keele uurimine 20. sajandist t\u00e4nap\u00e4evani. S\u00f5ida<br \/>\ntasa \u00fcle silla. Raamat eesti keelest ja meelest. Tallinn: Emakeele Sihtasutus, 209\u2013222.<\/p>\n<p>Habicht, K\u00fclli, Helle Metslang, Karl Pajusalu, Renate Pajusalu 2018. Estonian aga and<br \/>\nikka: from temporal lexis to interaction. In: Marri Amon, Marie-Ange Julia (Eds.). Oralit\u00e9, Information, Typologie. Orality, Information, Typology. Hommage \u00e1 M.M. Jocelyne Fernandez-Vest. Paris: L\u2019Harmattan, 317\u2013342.<\/p>\n<p>Hennoste, Tiit 2018. Kirjandus, teadus ja rahvus. \u2013 Keel ja Kirjandus, 1-2, 92-103.<\/p>\n<p>P\u00e4rismaa, Liina 2018. Eituse v\u00e4ljendamise vormivalikutest XVII-XVIII sajandi p\u00f5hjaeesti<br \/>\ntekstides. \u2013 Keel ja Kirjandus, 7, 560\u2212578.<\/p>\n<p>Laanesoo, Kirsi 2018. Pol\u00fcfunktsionaalsed k\u00fcsilaused eesti argivestlustes. Doktorit\u00f6\u00f6, Tartu \u00fclikool, Tartu: Tartu \u00dclikooli kirjastus.<\/p>\n<p>Metslang, Helle 2018. Kas rahvusel on kohta lingvisti peas? \u2013 Keel ja Kirjandus, LXI (1-2),<br \/>\n50\u221255.<\/p>\n<p>Ogren, David 2018. Object case in Estonian da-infinitive constructions.\u00a0Doktorit\u00f6\u00f6, Tartu \u00fclikool, Tartu: Tartu \u00dclikooli kirjastus.<\/p>\n<p>Pajusalu, Karl, Tiit Hennoste, Ellen Niit, Peeter P\u00e4ll, J\u00fcri Viikberg 2018. Eesti murded ja<br \/>\nkohanimed. Toimetaja Tiit Hennoste. 3., kohendatud ja t\u00e4iendatud tr\u00fckk. Tartu: Eesti<br \/>\nTeaduste Akadeemia Emakeele Selts. V\u00f5rguraamat.<\/p>\n","protected":false},"excerpt":{"rendered":"<p>2014. aasta K\u00fcngas, Annika 2014. Pragmaatiliste markerite kujunemine ja funktsioonid eesti keeles lt-s\u00f5nade n\u00e4itel. Doktorit\u00f6\u00f6, Tartu \u00dclikool, Tartu: Tartu \u00dclikooli Kirjastus.\u00a0http:\/\/dspace.ut.ee\/bitstream\/handle\/10062\/42733\/kungas_annika.pdf?sequence=1 Laanesoo, Kirsi 2014. Direktiivsed mis- ja mida-k\u00fcsilaused suulises suhtluses. \u2013 Emakeele Seltsi aastaraamat, 59, 10\u2013126.\u00a0http:\/\/www.kirj.ee\/public\/ESA\/2013\/esa_59_2013-103-126.pdf Metslang, Helle 2014 (toim.). Eesti keel omas ruumis. Ajakirja Keel ja Kirjandus temaatiline kaksiknumber. Keel ja Kirjandus LVII, 8, &hellip; <a href=\"http:\/\/kimovar.ut.ee\/?page_id=324\" class=\"more-link\">Continue reading <span class=\"screen-reader-text\">Publikatsioonid<\/span> <span class=\"meta-nav\">&rarr;<\/span><\/a><\/p>\n","protected":false},"author":2,"featured_media":0,"parent":12,"menu_order":1,"comment_status":"closed","ping_status":"closed","template":"","meta":{"footnotes":""},"class_list":["post-324","page","type-page","status-publish","hentry"],"_links":{"self":[{"href":"http:\/\/kimovar.ut.ee\/index.php?rest_route=\/wp\/v2\/pages\/324","targetHints":{"allow":["GET"]}}],"collection":[{"href":"http:\/\/kimovar.ut.ee\/index.php?rest_route=\/wp\/v2\/pages"}],"about":[{"href":"http:\/\/kimovar.ut.ee\/index.php?rest_route=\/wp\/v2\/types\/page"}],"author":[{"embeddable":true,"href":"http:\/\/kimovar.ut.ee\/index.php?rest_route=\/wp\/v2\/users\/2"}],"replies":[{"embeddable":true,"href":"http:\/\/kimovar.ut.ee\/index.php?rest_route=%2Fwp%2Fv2%2Fcomments&post=324"}],"version-history":[{"count":20,"href":"http:\/\/kimovar.ut.ee\/index.php?rest_route=\/wp\/v2\/pages\/324\/revisions"}],"predecessor-version":[{"id":432,"href":"http:\/\/kimovar.ut.ee\/index.php?rest_route=\/wp\/v2\/pages\/324\/revisions\/432"}],"up":[{"embeddable":true,"href":"http:\/\/kimovar.ut.ee\/index.php?rest_route=\/wp\/v2\/pages\/12"}],"wp:attachment":[{"href":"http:\/\/kimovar.ut.ee\/index.php?rest_route=%2Fwp%2Fv2%2Fmedia&parent=324"}],"curies":[{"name":"wp","href":"https:\/\/api.w.org\/{rel}","templated":true}]}}