{"id":16,"date":"2015-02-19T11:21:24","date_gmt":"2015-02-19T09:21:24","guid":{"rendered":"http:\/\/kimovar.ut.ee\/?page_id=16"},"modified":"2016-06-15T08:50:00","modified_gmt":"2016-06-15T06:50:00","slug":"taustakirjandus","status":"publish","type":"page","link":"http:\/\/kimovar.ut.ee\/?page_id=16","title":{"rendered":"Taustakirjandus"},"content":{"rendered":"<p>Aavik, Johannes 1924. \u00d5igekeelsuse ja keeleuuenduse p\u00f5him\u00f5tted. Yhes keeleuuenduste astmelise liigitusega. Tartu: Istandik.<\/p>\n<p>Aavik, Johannes 1936. Eesti \u00f5igekeelsuse \u00f5pik ja grammatika. Tartu: Noor-Eesti.<\/p>\n<p>Arkhipov, Alexandre 2009, Comitative as a cross-linguistically valid category. \u2013 New\u00a0Challenges in Typology. Transcending the Borders and Refining the Distinctions. P. Epps, \u00a0A. Alexandre (eds.). Mouton de Gruyter, 223\u2013246.<\/p>\n<p>Biber, Douglas 2009. Corpus-based and corpus-driven analysis of language variation and use. \u2013The Oxford Handbook of Linguistic Analysis. B. Heine, H. Narrog (eds.). Oxford: Oxford University Press, 99\u2013170.<\/p>\n<p>Bickel, Balthasar 2010. Capturing particulars and universals in clause linkage: a multivariate\u00a0analysis. \u2013 , Clause\u00adhierarchy and clause\u00adlinking. The syntax and pragmatics interface.\u00a0I. Bril (ed.). Amsterdam: John Benjamins Publishing Company, 51\u2013101.<\/p>\n<p>Bickel, Balthasar 2011. Multivariate typology and field linguistics: a case study on\u00a0detransitivization in Kiranti (Sino\u00adTibetan). \u2013 P.K. Austin, O. Bond, D. Nathan, L. Marten (eds.),\u00a0Proceedings of Conference on Language Documentation and Linguistic Theory 3. London: SOAS,\u00a03\u201313.<\/p>\n<p>Bybee, Joan 2010. A usage-based perspective on language. \u2013 Language, Usage and Cognition. Cambridge University Press, 1-13.<\/p>\n<p>Deumert, Ana, Wim Vanderbusche 2003. Standard languages. Taxonomies and histories \u2013 Germanic Standardizations. Ana, Deumert, Wim Vanderbusche (eds.). Amsterdam\/Philadelphia: John Benjamins Publishing Company, 1\u201314.<\/p>\n<p>Dingemanse, Mark, N. J. Enfield 2015. Other-Initiated Repair across Languages: Towards a Typology of Conversational Structures. &#8211; Open Linguistics, 1, 98\u2013118.\u00a0<a href=\"http:\/\/kimovar.ut.ee\/wp-content\/uploads\/2015\/02\/opli-2014-0007.pdf\">opli-2014-0007<\/a><\/p>\n<p>Dingemanse, Mark, Joe Blythe, Tyko Dirksmeyer 2014. Formats for other-initiation of repair across languages: An exercise in pragmatic typology. &#8211; Studies in Language, 38, 5-43.\u00a0<a href=\"http:\/\/kimovar.ut.ee\/wp-content\/uploads\/2015\/02\/Dingemanse_Blythe_Dirksmeyer_2014.pdf\">Dingemanse_Blythe_Dirksmeyer_2014<\/a><\/p>\n<p>Dufter, Andreas, J\u00fcrg Fleischer, Guido Seiler 2009. Introduction. &#8211; Describing and Modeling Variation in Grammar. Andreas Dufter, J\u00fcrg Fleischer, Guido Seiler (eds.) Berlin\/New York: Mouton de Gruyter, 1\u201320. <a href=\"http:\/\/books.google.ee\/books?id=ZMArEnZVmrkC&amp;printsec=frontcover#v=onepage&amp;q&amp;f=false\">http:\/\/books.google.ee\/books?id=ZMArEnZVmrkC&amp;printsec=frontcover#v=onepage&amp;q&amp;f=false<\/a><\/p>\n<p>Erelt, Mati 2008. Concerning the relationship of the comitative construction to the\u00a0coordinating construction in Estonian. \u2013 Linguistica Uralica XLIV, 2, 97\u2013107.\u00a0<a href=\"http:\/\/www.kirj.ee\/public\/Linguistica_Uralica\/2008\/issue_2\/ling-2008-2-97-107.pdf\">http:\/\/www.kirj.ee\/public\/Linguistica_Uralica\/2008\/issue_2\/ling-2008-2-97-107.pdf<\/a><\/p>\n<p>Habicht, K\u00fclli 2000. Grammaticalization of Adpositions in Old Literary Estonian. \u2013 Estonian:\u00a0Typological Studies IV, Tartu (Tartu \u00dclikooli eesti keele \u00f5ppetooli toimetised 14), 19\u201358.\u00a0<a href=\"http:\/\/dspace.ut.ee\/bitstream\/handle\/10062\/40522\/erelt_estonian_4_ocr.pdf\">http:\/\/dspace.ut.ee\/bitstream\/handle\/10062\/40522\/erelt_estonian_4_ocr.pdf<\/a><\/p>\n<p>Habicht, K\u00fclli, Ilona Tragel 2014.\u00a0Verbiga saama v\u00e4ljendatud leksikaalsed kategooriad ja konstruktsioonid. &#8211;\u00a0Keel ja Kirjandus, 11, 826 &#8211; 844.<\/p>\n<p>Hansen, Maj-Britt Mosegaard\u00a02001. Syntax in interaction. Form and function of yes\/no interrogatives in spoken standard French. &#8211; Studies in language, 25, 3, 463-519.<\/p>\n<p>Hennoste, Tiit parandusest\u00a0<a href=\"http:\/\/kimovar.ut.ee\/wp-content\/uploads\/2015\/02\/5.3.-naabruspaarid-II_partneriparandus.pdf\">5.3. naabruspaarid II_partneriparandus<\/a><\/p>\n<p>Ibbotson, Paul 2013. The scope of usage-based theory. \u2013 Frontiers in Psychology, 4, 1\u201315. <a href=\"http:\/\/journal.frontiersin.org\/article\/10.3389\/fpsyg.2013.00255\/full\">http:\/\/journal.frontiersin.org\/article\/10.3389\/fpsyg.2013.00255\/full<\/a><\/p>\n<p>Kemmer, Suzanne, Michael Barlow 2000. Introduction: A usage-based conception of language. \u2013 Usage-based models of language, Michael Barlow and Susanne Kemmer (eds.), Stanford: CSLI, 7\u201328.<\/p>\n<p>Kilgi, Annika 2007. Misjonilingvistika \u2013 Oma Keel, 2, 24\u201326. <a href=\"http:\/\/www.emakeeleselts.ee\/omakeel\/2007_2\/OK_2007-2_03.pdf\">http:\/\/www.emakeeleselts.ee\/omakeel\/2007_2\/OK_2007-2_03.pdf<\/a><\/p>\n<p>Klavan, Jane 2012.\u00a0Evidence in linguistics:\u00a0corpus-linguistic and experimental\u00a0methods for studying grammatical\u00a0synonymy.\u00a0Dissertationes philologiae estonicae universitatis Tartuensis\u00a015. Tartu: University of Tartu Press. <a href=\"https:\/\/dspace.utlib.ee\/dspace\/bitstream\/handle\/10062\/27865\/klavan_jane.pdf\">https:\/\/dspace.utlib.ee\/dspace\/bitstream\/handle\/10062\/27865\/klavan_jane.pdf<\/a><\/p>\n<p>Laitinen, Lea 2004. Grammaticalization and standardization. Up and down the cline. \u2013 The nature of grammaticalization. Olga Fischer, Muriel Norde, Harry Perridon (eds.). Amsterdam\/Philadelphia, 247\u2013262.<\/p>\n<p>Lehmann, Christian, \u00a0Yong-Min Shin 2005. The functional domain of concomitance.\u00a0A typological study of instrumental and comitative relations. &#8211;\u00a0Typological studies in participationChristian Lehmann\u00a0(ed.) . Berlin: Akademie (Studia Typologica, 7),\u00a09\u2013104.<br \/>\n<a href=\"http:\/\/www.christianlehmann.eu\/publ\/Concomitance.pdf\">http:\/\/www.christianlehmann.eu\/publ\/Concomitance.pdf<\/a><\/p>\n<p>Lepaj\u00f5e, Marju 1998. Johannes Gutslaffi \u201eGrammatilised vaatlused\u201c. \u2013 Johannes Gutslaff, Observationes grammaticae circa linguam esthonicam. T\u00f5lkinud ja v\u00e4ljaande koostanud Marju Lepaj\u00f5e. Jaak Peebo (toim.). Tartu \u00dclikooli eesti keele \u00f5ppetooli toimetised 10, 285\u2013316.<\/p>\n<p>Metslang, Helena 2013. Grammatical relations in Estonian: subject, object and beyond.\u00a0Dissertationes philologiae estonicae universitatis Tartuensis 33. Tartu: University of Tartu Press.\u00a0<a href=\"http:\/\/dspace.ut.ee\/bitstream\/handle\/10062\/30288\/metslang_helena.pdf\">http:\/\/dspace.ut.ee\/bitstream\/handle\/10062\/30288\/metslang_helena.pdf<\/a><\/p>\n<p>Metslang, Helle 2001. On the Developments of the Estonian Aspect: The Verbal Particle \u00e4ra. In: Circum-Baltic Languages, vol. 2: Grammar and typology. (Studies in Language Companion Series 55.) Eds.: \u00d6sten Dahl, Maria Koptjevskaja-Tamm. Amsterdam, Benjamins, 2001, 443-479. <a href=\"https:\/\/www.academia.edu\/698310\/On_the_developments_of_the_Estonian_aspect._The_verbal_particle_%C3%A4ra\">https:\/\/www.academia.edu\/698310\/On_the_developments_of_the_Estonian_aspect._The_verbal_particle_%C3%A4ra<\/a><\/p>\n<p>Metslang, Helle 2009. Isep\u00e4ine\u00a0\u00fcldk\u00fcsilause. \u2013 Emakeele Seltsi aastaraamat 55, 119\u2013137.<\/p>\n<p>Mihkels, Krista 2013.\u00a0Keel, keha ja kaardikepp:\u00a0\u00f5petaja algatatud parandussekventside\u00a0multimodaalne anal\u00fc\u00fcs. Doktorit\u00f6\u00f6, Tartu \u00dclikool, Tartu:\u00a0Tartu \u00dclikooli Kirjastus. <a href=\"https:\/\/dspace.utlib.ee\/dspace\/bitstream\/handle\/10062\/29189\/mihkels_krista.pdf\">https:\/\/dspace.utlib.ee\/dspace\/bitstream\/handle\/10062\/29189\/mihkels_krista.pdf<\/a><\/p>\n<p>M\u00e4rtson, Helle-Mari 2012. Abim\u00e4\u00e4rs\u00f5na \u00e4ra perfektiivsuse v\u00e4ljendajana emakeele\u00f5petuse vaatenurgast. Magistrit\u00f6\u00f6. Tartu.\u00a0<a href=\"http:\/\/www.murre.ut.ee\/arhiiv\/naita_pilt.php?materjal=kasikiri&amp;materjal_id=D1764&amp;sari=D&amp;formaat=A4\">http:\/\/www.murre.ut.ee\/arhiiv\/naita_pilt.php?materjal=kasikiri&amp;materjal_id=D1764&amp;sari=D&amp;formaat=A4<\/a><\/p>\n<p>Narrog, Heiko 2009. Varieties of Instrumental. \u2013 Andrej Malchukov and Andrew Spencer.\u00a0The Oxford Handbook of Case. New York: Oxford University Press Inc. pp. 593-600.<\/p>\n<p>Nevalainen, Terttu, Irma Taavitsainen, P\u00e4ivi Pahta 2008. Exploring the dynamics of linguistic variation through public and private corpora. \u2013 The dynamics of linguistic variation: corpus evidence on English past and present. Studies in language variation 2. T. Nevalainen, I. Taavitsainen, P. Pahta, M. Korhonen (eds.). Amsterdam: John Benjamins Publishing Company, 1\u20139.<\/p>\n<p>Prass, Kerli 2011.\u00a0Saama- ja hakkama-tulevik t\u00e4nap\u00e4eva eesti kirjakeeles. Magistrit\u00f6\u00f6, k\u00e4sikiri, Tallinna \u00dclikool.<\/p>\n<p>Schlotthauer, Susan 2010. Kontaktinduzierter Sprachwandel im Bereich der estnischen\u00a0Verbrektion? Teil I: Verbkomplemente in Form kasusmarkierter Nominalphrasen. \u2212\u00a0SKY Journal of Linguistics 23, 265\u2013300.\u00a0<a href=\"http:\/\/www.linguistics.fi\/julkaisut\/SKY2010\/Schlotthauer_netti.pdf\">http:\/\/www.linguistics.fi\/julkaisut\/SKY2010\/Schlotthauer_netti.pdf<\/a><\/p>\n<p>Stolz, Thomas 2001. To be with X is to have X: comitatives, instrumentals, locative and\u00a0predicative possession. \u2013 Linguistics 39\u20132, 321\u2013350.<\/p>\n<p>Stolz, Thomas 2001. On Circum-Baltic instrumentals and comitatives: To and fro\u00a0coherence. \u2013 The Circum-Baltic\u00a0languages: Typology and contact. Vol. 2: Grammar and typology. (Studies in\u00a0language Companion 55.).\u00a0\u00d6. Dahl, M. Koptjevskaja-Tamm (eds.). Amsterdam: Benjamins, 591\u2013612.<\/p>\n<p>Stolz, Thomas \u00a0Cornelia Stroh, Aina Urdze 2006. On Comitatives and Related\u00a0Categories: A Typological Study with Special Focus on the Languages of Europe.\u00a0Berlin: Walter de Gruyter GmbH &amp; Co. <a href=\"https:\/\/books.google.ee\/books?id=KYwb6-w1AjkC&amp;printsec=frontcover&amp;dq=on+comitatives+and+related+categories&amp;hl=en&amp;sa=X&amp;ei=uzhwUdr1EYfA9gSUsIHoAg&amp;redir_esc=y#v=onepage&amp;q&amp;f=false\">https:\/\/books.google.ee\/books?id=KYwb6-w1AjkC&amp;printsec=frontcover&amp;dq=on+comitatives+and+related+categories&amp;hl=en&amp;sa=X&amp;ei=uzhwUdr1EYfA9gSUsIHoAg&amp;redir_esc=y#v=onepage&amp;q&amp;f=false<\/a><\/p>\n<p>Stolz, Thomas, \u00a0Cornelia Stroh, Aina Urdze 2009. Varieties of Comitative. In Andrej\u00a0Malchukov and Andrew Spencer. The Oxford Handbook of Case. New York: Oxford\u00a0University Press Inc. pp.\u00a0593\u2013600.<\/p>\n<p>Uusp\u00f5ld, Ellen 1997.\u00a0M\u00f5ningaist liiasusn\u00e4htustest eesti keelekasutuses. &#8211;\u00a0Keel ja Kirjandus, 11,\u00a0743-747.<\/p>\n","protected":false},"excerpt":{"rendered":"<p>Aavik, Johannes 1924. \u00d5igekeelsuse ja keeleuuenduse p\u00f5him\u00f5tted. Yhes keeleuuenduste astmelise liigitusega. Tartu: Istandik. Aavik, Johannes 1936. Eesti \u00f5igekeelsuse \u00f5pik ja grammatika. Tartu: Noor-Eesti. Arkhipov, Alexandre 2009, Comitative as a cross-linguistically valid category. \u2013 New\u00a0Challenges in Typology. Transcending the Borders and Refining the Distinctions. P. Epps, \u00a0A. Alexandre (eds.). Mouton de Gruyter, 223\u2013246. Biber, Douglas 2009. &hellip; <a href=\"http:\/\/kimovar.ut.ee\/?page_id=16\" class=\"more-link\">Continue reading <span class=\"screen-reader-text\">Taustakirjandus<\/span> <span class=\"meta-nav\">&rarr;<\/span><\/a><\/p>\n","protected":false},"author":2,"featured_media":0,"parent":0,"menu_order":4,"comment_status":"closed","ping_status":"closed","template":"","meta":{"footnotes":""},"class_list":["post-16","page","type-page","status-publish","hentry"],"_links":{"self":[{"href":"http:\/\/kimovar.ut.ee\/index.php?rest_route=\/wp\/v2\/pages\/16","targetHints":{"allow":["GET"]}}],"collection":[{"href":"http:\/\/kimovar.ut.ee\/index.php?rest_route=\/wp\/v2\/pages"}],"about":[{"href":"http:\/\/kimovar.ut.ee\/index.php?rest_route=\/wp\/v2\/types\/page"}],"author":[{"embeddable":true,"href":"http:\/\/kimovar.ut.ee\/index.php?rest_route=\/wp\/v2\/users\/2"}],"replies":[{"embeddable":true,"href":"http:\/\/kimovar.ut.ee\/index.php?rest_route=%2Fwp%2Fv2%2Fcomments&post=16"}],"version-history":[{"count":23,"href":"http:\/\/kimovar.ut.ee\/index.php?rest_route=\/wp\/v2\/pages\/16\/revisions"}],"predecessor-version":[{"id":283,"href":"http:\/\/kimovar.ut.ee\/index.php?rest_route=\/wp\/v2\/pages\/16\/revisions\/283"}],"wp:attachment":[{"href":"http:\/\/kimovar.ut.ee\/index.php?rest_route=%2Fwp%2Fv2%2Fmedia&parent=16"}],"curies":[{"name":"wp","href":"https:\/\/api.w.org\/{rel}","templated":true}]}}